{"id":997,"date":"2025-12-01T20:00:32","date_gmt":"2025-12-01T19:00:32","guid":{"rendered":"https:\/\/www.elfsborgsmarschen.se\/?page_id=997"},"modified":"2025-12-01T20:00:33","modified_gmt":"2025-12-01T19:00:33","slug":"cookie-policy","status":"publish","type":"page","link":"https:\/\/www.elfsborgsmarschen.se\/en\/cookie-policy\/","title":{"rendered":"Cookie policy"},"content":{"rendered":"\n<h1 class=\"wp-block-heading\">Cookie policy<\/h1>\n\n\n<p>I den\u00adna cook\u00adiepol\u00adi\u00adcy f\u00f6rk\u00adlarar vi vad cook\u00adies (kakor) och lik\u00adnande tekniker \u00e4r och hur vi p\u00e5 Elfs\u00adborgs\u00admarschen anv\u00e4n\u00adder dem. Du f\u00e5r infor\u00adma\u00adtion om vil\u00adka uppgifter som sam\u00adlas in, var\u00adf\u00f6r vi g\u00f6r det, hur l\u00e4nge de sparas och vil\u00adka andra tj\u00e4n\u00adstelever\u00adan\u00adt\u00f6r\u00ader som kan vara involverade.<\/p><h2>Inneh\u00e5llsf\u00f6rteckning<\/h2><ul><li><a href=\"#controller-of-the-website\">Per\u00adson\u00aduppgift\u00adsans\u00advarig f\u00f6r webbplatsen<\/a><\/li><li><a href=\"#diff-to-privacy-policy\">Till\u00e4gg till personuppgiftspolicyn<\/a><\/li><li><a href=\"#cookie-technology\">Vad \u00e4r cook\u00adies och lik\u00adnande teknik?<\/a><\/li><li><a href=\"#legal-basis\">Vilken \u00e4r den r\u00e4ttsli\u00adga grun\u00adden f\u00f6r att anv\u00e4n\u00adda cookies?<\/a><\/li><li><a href=\"#rights-of-visitor\">Du har full kon\u00adtroll \u00f6ver dina&nbsp;val<\/a><\/li><li><a href=\"#manage-cookies\">S\u00e5 hanter\u00adar du cook\u00adies i&nbsp;din webbl\u00e4sare<\/a><\/li><li><a href=\"#types-of-cookies\">Vil\u00adka typer av cook\u00adies anv\u00e4n\u00adder&nbsp;vi?<\/a><\/li><li><a href=\"#cookies-origin\">F\u00f6rstapartscook\u00adies och tredjepartscookies<\/a><\/li><li><a href=\"#list-of-services\">Vil\u00adka cook\u00adies anv\u00e4nds p\u00e5 den h\u00e4r webbplatsen?<\/a><\/li><\/ul><h2 id=\"controller-of-the-website\">Personuppgiftsansvarig f\u00f6r webbplatsen<\/h2><ul><li><strong>Provider: <\/strong>Elfs\u00adborgs\u00admarschen, Sweden<\/li><li><strong>Email: <\/strong><a target=\"_blank\" href=\"mailto:info@elfsborgsmarschen.se\">info@elfsborgsmarschen.se<\/a><\/li><li><strong>Con\u00adtact form: <\/strong><a target=\"_blank\" href=\"https:\/\/www.elfsborgsmarschen.se\/kontakt\/\">www.elfsborgsmarschen.se\/kontakt\/<\/a><\/li><\/ul><h2 id=\"diff-to-privacy-policy\">Till\u00e4gg till personuppgiftspolicyn<\/h2><p>Den\u00adna cook\u00adiepol\u00adi\u00adcy funger\u00adar som ett kom\u00adple\u00adment till v\u00e5r <a href=\"https:\/\/www.elfsborgsmarschen.se\/integritetspolicy\/\" target=\"_blank\">integritet\u00adspol\u00adi\u00adcy<\/a>.\n\nDen h\u00e4r pol\u00adi\u00adcyn fokuser\u00adar speci\u00adfikt p\u00e5 hur vi anv\u00e4n\u00adder cook\u00adies och de uppgifter som sam\u00adlas in via dem. F\u00f6r en full\u00adst\u00e4ndig \u00f6ver\u00adsikt \u00f6ver all v\u00e5r per\u00adson\u00aduppgifts\u00adbe\u00adhan\u00addling (som anm\u00e4l\u00adningar, kon\u00adtak\u00adt\u00adfor\u00admul\u00e4r och foto\u00adhanter\u00ading), h\u00e4n\u00advis\u00adar vi till v\u00e5r integritetspolicy.<\/p><h2 id=\"cookie-technology\">Vad \u00e4r cookies och liknande teknik?<\/h2><p><\/p><p class=\"md-end-block md-p\"><span class=\"md-plain md-expand\">Cook\u00adies och lik\u00adnande tekniker har sam\u00adma syfte: att spara infor\u00adma\u00adtion som hj\u00e4lper oss ge dig en b\u00e4t\u00adtre och smidi\u00adgare upplevelse p\u00e5 v\u00e5r webb\u00adplats. De tekniker vi anv\u00e4n\u00adder&nbsp;\u00e4r:<\/span><\/p>\n<ul class=\"ul-list\" data-mark=\"*\">\n<li class=\"md-list-item\">\n<p class=\"md-end-block md-p\"><span class=\"md-pair-s\"><strong><span class=\"md-plain\">Cook\u00adies:<\/span><\/strong><\/span><span class=\"md-plain\"> Sm\u00e5 textfil\u00ader som sparas p\u00e5 din enhet n\u00e4r du bes\u00f6k\u00ader oss. De funger\u00adar som kor\u00adta dig\u00adi\u00adta\u00adla anteck\u00adningar som hj\u00e4lper webb\u00adplat\u00adsen att kom\u00adma ih\u00e5g dig \u2013 b\u00e5de n\u00e4r du nav\u00adig\u00ader\u00adar mel\u00adlan oli\u00adka sidor och n\u00e4r du kom\u00admer till\u00adba\u00adka en annan&nbsp;dag.<\/span><\/p>\n<\/li>\n<li class=\"md-list-item\">\n<p class=\"md-end-block md-p\"><span class=\"md-pair-s\"><strong><span class=\"md-plain\">Local stor\u00adage:<\/span><\/strong><\/span><span class=\"md-plain\"> Funger\u00adar som en st\u00f6rre min\u00adnes\u00adbank som kan spara infor\u00adma\u00adtion utan slutdatum.<\/span><\/p>\n<\/li>\n<li class=\"md-list-item\">\n<p class=\"md-end-block md-p\"><span class=\"md-pair-s\"><strong><span class=\"md-plain\">Ses\u00adsion stor\u00adage:<\/span><\/strong><\/span><span class=\"md-plain\"> Lik\u00adnar en tillf\u00e4l\u00adlig min\u00adnesan\u00adteck\u00adn\u00ading som f\u00f6rsvin\u00adner n\u00e4r du st\u00e4nger fliken.<\/span><\/p>\n<\/li>\n<li class=\"md-list-item\">\n<p class=\"md-end-block md-p\"><span class=\"md-pair-s\"><strong><span class=\"md-plain\">Indexed\u00adDB:<\/span><\/strong><\/span><span class=\"md-plain\"> Ett mer avancer\u00adat sys\u00adtem i&nbsp;din web\u00adbl\u00e4sare, unge\u00adf\u00e4r som en liten databas.<\/span><\/p>\n<\/li>\n<\/ul>\n<p class=\"md-end-block md-p md-focus\"><span class=\"md-plain\">Tekniskt funger\u00adar dessa metoder oli\u00adka, men f\u00f6r att g\u00f6ra det enkelt kallar vi alla dessa metoder f\u00f6r <\/span><span class=\"md-pants \" data-text data-content=\"\u201d\" data-desc=\"open_double\">\u201d<\/span><span class=\"md-plain\">cook\u00adies<\/span><span class=\"md-pants \" data-text data-content=\"\u201d\" data-desc=\"close_double\">\u201d<\/span><span class=\"md-plain md-expand\"> i&nbsp;den\u00adna policy.<\/span><\/p><h2 id=\"legal-basis\">Vilken \u00e4r den r\u00e4ttsliga grunden f\u00f6r att anv\u00e4nda cookies?<\/h2><p><\/p><p>Vi f\u00f6l\u00adjer sven\u00adsk lag (speci\u00adfikt 9&nbsp;kap. 28 \u00a7 Lagen om elek\u00adtro\u00adn\u00adisk kom\u00admu\u00adnika\u00adtion, LEK) n\u00e4r vi hanter\u00adar cook\u00adies. Lagen g\u00f6r en vik\u00adtig skill\u00adnad p\u00e5 tv\u00e5 typer av cookies:<\/p>\n\n<ol>\n    <li><strong>N\u00f6d\u00adv\u00e4ndi\u00adga cook\u00adies:<\/strong> Dessa cook\u00adies \u00e4r avg\u00f6rande f\u00f6r att webb\u00adplat\u00adsen ska fungera kor\u00adrekt och s\u00e4k\u00adert. Efter\u00adsom de \u00e4r n\u00f6d\u00adv\u00e4ndi\u00adga f\u00f6r att vi ska kun\u00adna till\u00adhan\u00addah\u00e5l\u00adla den tj\u00e4nst du efter\u00adfr\u00e5\u00adgar (att visa webb\u00adplat\u00adsen), beh\u00f6ver vi inte be om ditt sam\u00adty\u00adcke f\u00f6r att anv\u00e4n\u00adda&nbsp;dem.<\/li>\n    <li><strong>\u00d6vri\u00adga cook\u00adies (t.ex. f\u00f6r sta\u00adtis\u00adtik &amp;&nbsp;mark\u00adnads\u00adf\u00f6ring):<\/strong> F\u00f6r alla andra cook\u00adies, som hj\u00e4lper oss att f\u00f6rst\u00e5 v\u00e5ra bes\u00f6kare eller f\u00f6r\u00adb\u00e4t\u00adtra funk\u00adtion\u00ader, m\u00e5ste vi ha ditt akti\u00adva och informer\u00adade sam\u00adty\u00adcke <em>innan<\/em> vi plac\u00ader\u00adar&nbsp;dem.<\/li>\n<\/ol>\n\n<p>Du ger det\u00adta sam\u00adty\u00adcke via den cook\u00adie-ban\u00adner som visas n\u00e4r du bes\u00f6k\u00ader webbplatsen.<\/p><h2 id=\"rights-of-visitor\">Du har full kontroll \u00f6ver dina&nbsp;val<\/h2><p><\/p><p>N\u00e4r du bes\u00f6k\u00adte v\u00e5r webb\u00adplats f\u00f6rs\u00adta g\u00e5n\u00adgen fick du g\u00f6ra dina val i&nbsp;v\u00e5r cook\u00adie-ban\u00adner. D\u00e4r bad vi om ditt sam\u00adty\u00adcke f\u00f6r att anv\u00e4n\u00adda cook\u00adies som inte \u00e4r strikt n\u00f6d\u00adv\u00e4ndi\u00adga (till exem\u00adpel f\u00f6r statistik).<\/p>\n\n<p>Du har full kon\u00adtroll \u00f6ver dina val och kan n\u00e4r som helst \u00e4ndra dig. Anv\u00e4nd l\u00e4nkar\u00adna nedan f\u00f6r att hantera dina inst\u00e4llningar:<\/p>\n\n<ul>\n    <li><a href=\"#consent-change\" role=\"button\" id=\"rcb-sc-link-change\" data-success-message class=\"rcb-sc-link rcb-sc-link-change \">\u00c4ndra dina cookie-inst\u00e4llningar<\/a><\/li>\n    <li><a href=\"#consent-history\" role=\"button\" id=\"rcb-sc-link-history\" data-success-message class=\"rcb-sc-link rcb-sc-link-history \">Se his\u00adtorik f\u00f6r dina&nbsp;val<\/a><\/li>\n    <li><a href=\"#consent-revoke\" role=\"button\" id=\"rcb-sc-link-revoke\" data-success-message=\"Du har \u00e5terkallat ditt samtycke f\u00f6r cookies och databehandling. Sidan kommer nu att laddas om!\" class=\"rcb-sc-link rcb-sc-link-revoke \">\u00c5terkalla alla samtycken<\/a><\/li>\n<\/ul><h2 id=\"manage-cookies\">S\u00e5 hanterar du cookies i&nbsp;din webbl\u00e4sare<\/h2><p><\/p><p>Ut\u00f6ver de val du g\u00f6r p\u00e5 v\u00e5r webb\u00adplats via v\u00e5r cook\u00adie-ban\u00adner, kan du alltid hantera cook\u00adies generellt direkt i&nbsp;din web\u00adbl\u00e4sare. T\u00e4nk p\u00e5 att inst\u00e4ll\u00adningar i&nbsp;web\u00adbl\u00e4saren p\u00e5verkar <em>alla<\/em> webb\u00adplatser du bes\u00f6ker.<\/p>\n\n<ul>\n    <li><strong>Ta bort cook\u00adies:<\/strong> Du kan ren\u00adsa all sparad webb\u00adplats\u00adda\u00adta i&nbsp;din web\u00adbl\u00e4sares inst\u00e4ll\u00adningar. T\u00e4nk p\u00e5 att det\u00adta ofta tar bort alla cook\u00adies fr\u00e5n alla webb\u00adplatser du bes\u00f6kt, vilket kan log\u00adga ut dig fr\u00e5n tj\u00e4n\u00adster eller ta bort spa\u00adrade inst\u00e4llningar.<\/li>\n    <li><strong>Kon\u00adtrollera cook\u00adies:<\/strong> I&nbsp;de fles\u00adta web\u00adbl\u00e4sare kan du g\u00e5 till integritetsin\u00adst\u00e4ll\u00adningar\u00adna f\u00f6r att se och hantera cook\u00adies som sparats fr\u00e5n enskil\u00adda webbplatser.<\/li>\n    <li><strong>Block\u00adera cook\u00adies:<\/strong> Du kan st\u00e4l\u00adla in din web\u00adbl\u00e4sare att block\u00adera alla cook\u00adies. Det\u00adta rek\u00adom\u00admenderas dock s\u00e4l\u00adlan, efter\u00adsom m\u00e5n\u00adga webb\u00adplatser (inklu\u00adsive v\u00e5r) kan slu\u00adta fungera som de ska. Det kan till exem\u00adpel bli sv\u00e5rt att genom\u00adf\u00f6ra en anm\u00e4lan.<\/li>\n<\/ul>\n\n<p>Du kan hit\u00adta mer infor\u00adma\u00adtion om hur du hanter\u00adar cook\u00adies i&nbsp;speci\u00adfi\u00adka web\u00adbl\u00e4sare p\u00e5 <a href=\"https:\/\/devowl.io\/rcb\/cookie-handling\/\" target=\"_blank\" rel=\"noopener noreferrer\">devowl.io\/rcb\/cookie-handling\/<\/a>.<\/p><h2 id=\"types-of-cookies\">Vilka typer av cookies anv\u00e4nder vi?<\/h2><p><\/p><p>De cook\u00adies som anv\u00e4nds p\u00e5 webb\u00adplat\u00adsen delas in i&nbsp;oli\u00adka kat\u00ade\u00adgori\u00ader baser\u00adat p\u00e5 deras&nbsp;syfte.<\/p>\n\n<ul>\n    <li><strong>N\u00f6d\u00adv\u00e4ndi\u00adga cook\u00adies:<\/strong> Dessa \u00e4r avg\u00f6rande f\u00f6r att webb\u00adplat\u00adsen \u00f6ver\u00adhu\u00advud\u00adtaget ska fungera. De hanter\u00adar grundl\u00e4g\u00adgande funk\u00adtion\u00ader som s\u00e4k\u00ader\u00adhet, ser till att webb\u00adplat\u00adsen visas kor\u00adrekt och hanter\u00adar dina cook\u00adie-val. Efter\u00adsom de \u00e4r strikt n\u00f6d\u00adv\u00e4ndi\u00adga f\u00f6r tj\u00e4n\u00adsten kan de inte v\u00e4l\u00adjas&nbsp;bort.<\/li>\n    <li><strong>Funk\u00adtionel\u00adla cook\u00adies:<\/strong> Dessa cook\u00adies anv\u00e4nds f\u00f6r att g\u00f6ra din upplevelse smidi\u00adgare och mer per\u00adson\u00adlig. De kom\u00admer ih\u00e5g val du g\u00f6r p\u00e5 webb\u00adplat\u00adsen (som inst\u00e4ll\u00adningar du gjort i&nbsp;cook\u00adie-ban\u00adnern) s\u00e5 att du slip\u00adper st\u00e4l\u00adla in dem igen vid n\u00e4s\u00adta&nbsp;bes\u00f6k.<\/li>\n    <li><strong>Sta\u00adtis\u00adtik\u00adcook\u00adies:<\/strong> Med hj\u00e4lp av dessa cook\u00adies sam\u00adlar vi in data f\u00f6r att f\u00f6rst\u00e5 hur v\u00e5ra bes\u00f6kare anv\u00e4n\u00adder webb\u00adplat\u00adsen. Vi tit\u00adtar till exem\u00adpel p\u00e5 vil\u00adka sidor som \u00e4r pop\u00adul\u00e4ra och hur bes\u00f6kare r\u00f6r sig p\u00e5 sajten. Den\u00adna infor\u00adma\u00adtion (som ofta \u00e4r anonymis\u00ader\u00adad) hj\u00e4lper oss att f\u00f6r\u00adb\u00e4t\u00adtra webb\u00adplat\u00adsen och din upplevelse.<\/li>\n    <li><strong>Mark\u00adnads\u00adf\u00f6ringscook\u00adies:<\/strong> Dessa cook\u00adies anv\u00e4nds f\u00f6r att m\u00e4ta effek\u00adten av v\u00e5r mark\u00adnads\u00adf\u00f6ring och f\u00f6r att kun\u00adna visa dig rel\u00ade\u00advant infor\u00adma\u00adtion om Elfs\u00adborgs\u00admarschen p\u00e5 andra plat\u00adtfor\u00admar (som i&nbsp;sociala medi\u00ader). De hj\u00e4lper oss att f\u00f6rst\u00e5 om v\u00e5r reklam funger\u00adar och n\u00e5 ut till per\u00adson\u00ader som kan vara intresser\u00adade av v\u00e5rt evenemang.<\/li>\n<\/ul><h2 id=\"cookies-origin\">F\u00f6rstapartscookies och tredjepartscookies<\/h2><p><\/p><p>De cook\u00adies som anv\u00e4nds p\u00e5 v\u00e5r webb\u00adplats kan anti\u00adn\u00adgen kom\u00adma direkt fr\u00e5n oss (Elfs\u00adborgs\u00admarschen) eller fr\u00e5n en av v\u00e5ra part\u00adners. Det\u00adta \u00e4r skillnaden:<\/p>\n\n<ul>\n    <li><strong>F\u00f6rstapartscook\u00adies:<\/strong> Dessa cook\u00adies s\u00e4tts och kon\u00adtrolleras direkt av v\u00e5r webb\u00adplats (elfsborgsmarschen.se). Infor\u00adma\u00adtio\u00adnen i&nbsp;dem kan bara l\u00e4sas av oss och anv\u00e4nds f\u00f6r att hantera webb\u00adplat\u00adsens grundl\u00e4g\u00adgande funk\u00adtion\u00ader och dina inst\u00e4llningar.<\/li>\n    <li><strong>Tred\u00adjepartscook\u00adies:<\/strong> Dessa cook\u00adies s\u00e4tts av en extern lever\u00adan\u00adt\u00f6r vars tj\u00e4nst vi anv\u00e4n\u00adder, till exem\u00adpel f\u00f6r sta\u00adtis\u00adtik eller mark\u00adnads\u00adf\u00f6ring. N\u00e4r du bes\u00f6k\u00ader v\u00e5r sajt kan den\u00adna lever\u00adan\u00adt\u00f6r plac\u00adera en cook\u00adie p\u00e5 din enhet. De kan sedan k\u00e4n\u00adna igen och l\u00e4sa den\u00adna cook\u00adie \u00e4ven p\u00e5 andra webb\u00adplatser som anv\u00e4n\u00adder sam\u00adma tj\u00e4nst. Det\u00adta \u00e4r van\u00adligt f\u00f6r att exem\u00adpelvis kun\u00adna m\u00e4ta annon\u00adser\u00ading eller anpas\u00adsa inneh\u00e5ll.<\/li>\n<\/ul>\n\n<p>I tabellen nedan speci\u00adfi\u00adcer\u00adar vi exakt vil\u00adka tj\u00e4n\u00adster som plac\u00ader\u00adar vil\u00adka typer av cook\u00adies p\u00e5 v\u00e5r webbplats.<\/p><h2 id=\"list-of-services\">Vilka cookies anv\u00e4nds p\u00e5 den h\u00e4r webbplatsen?<\/h2><script type=\"application\/json\">{\"search\":{\"placeholder\":\"Search...\"},\"sort\":{\"sortAsc\":\"Sort column ascending\",\"sortDesc\":\"Sort column descending\"},\"pagination\":{\"previous\":\"Previous\",\"next\":\"Next\",\"navigate\":\"Page %1$d of %2$d\",\"page\":\"Page %d\",\"showing\":\"Showing\",\"of\":\"of\",\"to\":\"to\",\"results\":\"results\"},\"noRecordsFound\":\"No matching records found\"}<\/script><table class=\"devowl-wp-react-cookie-banner-cookie-policy\"><thead><tr><th width=\"200px\" scope=\"col\">Cat\u00ade\u00adgo\u00adry<\/th><th width=\"400px\" scope=\"col\">Tech\u00adni\u00adcal cook\u00adie name<\/th><th width=\"400px\" scope=\"col\">Tech\u00adni\u00adcal cook\u00adie host<\/th><th width=\"400px\" scope=\"col\">Ser\u00advice<\/th><th width=\"250px\" scope=\"col\">Dura\u00adtion<\/th><th width=\"200px\" scope=\"col\">Type<\/th><th width=\"550px\" scope=\"col\">Pur\u00adpose<\/th><\/tr><\/thead><tbody><tr><td>Grundl\u00e4g\u00adgande<\/td><td>real_\u200bcookie_\u200bbanner*<\/td><td>.elfsborgsmarschen.se<\/td><td>Real Cook\u00adie Banner<\/td><td>365&nbsp;days<\/td><td>HTTP Cook\u00adie<\/td><td>Unik iden\u00adti\u00adfier\u00adare f\u00f6r sam\u00adty\u00adck\u00adet, men inte f\u00f6r webb\u00adplats\u00adbes\u00f6karen. Revi\u00adsion\u00adshash f\u00f6r inst\u00e4ll\u00adningar av cook\u00adie-ban\u00adner (tex\u00adter, f\u00e4rg\u00ader, funk\u00adtion\u00ader, tj\u00e4n\u00adste\u00adgrup\u00adper, tj\u00e4n\u00adster, inneh\u00e5lls\u00adblock\u00ader\u00ading etc.) ID:n f\u00f6r tj\u00e4n\u00adster och tj\u00e4n\u00adste\u00adgrup\u00adper som sam\u00adty\u00adck\u00adet g\u00e4ller.<\/td><\/tr><tr><td>Grundl\u00e4g\u00adgande<\/td><td>real_cookie_banner*-tcf<\/td><td>.elfsborgsmarschen.se<\/td><td>Real Cook\u00adie Banner<\/td><td>365&nbsp;days<\/td><td>HTTP Cook\u00adie<\/td><td>Sam\u00adty\u00adck\u00aden som sam\u00adlas in under TCF lagras i&nbsp;TC String-for\u00admat, inklu\u00adsive TCF-lever\u00adan\u00adt\u00f6r\u00ader, \u00e4ndam\u00e5l, s\u00e4rskil\u00adda \u00e4ndam\u00e5l, funk\u00adtion\u00ader och s\u00e4rskil\u00adda funktioner.<\/td><\/tr><tr><td>Grundl\u00e4g\u00adgande<\/td><td>real_cookie_banner*-gcm<\/td><td>.elfsborgsmarschen.se<\/td><td>Real Cook\u00adie Banner<\/td><td>365&nbsp;days<\/td><td>HTTP Cook\u00adie<\/td><td>Sam\u00adty\u00adck\u00aden till sam\u00adty\u00adck\u00adestyper (\u00e4ndam\u00e5l) som sam\u00adlas in enligt Googles sam\u00adty\u00adck\u00adesl\u00e4ge lagras f\u00f6r alla tj\u00e4n\u00adster som \u00e4r kom\u00adpat\u00adi\u00adbla med Googles samtyckesl\u00e4ge.<\/td><\/tr><tr><td>Grundl\u00e4g\u00adgande<\/td><td>real_\u00adcook\u00adie_ban\u00adner-test<\/td><td>.elfsborgsmarschen.se<\/td><td>Real Cook\u00adie Banner<\/td><td>365&nbsp;days<\/td><td>HTTP Cook\u00adie<\/td><td>Cook\u00adie inst\u00e4lld f\u00f6r att tes\u00adta HTTP-cook\u00adies funk\u00adtion\u00adalitet. Raderas omedel\u00adbart efter testet.<\/td><\/tr><tr><td>Grundl\u00e4g\u00adgande<\/td><td>real_\u200bcookie_\u200bbanner*<\/td><td>https:\/\/www.elfsborgsmarschen.se<\/td><td>Real Cook\u00adie Banner<\/td><td>-<\/td><td>Local Stor\u00adage<\/td><td>Unik iden\u00adti\u00adfier\u00adare f\u00f6r sam\u00adty\u00adck\u00adet, men inte f\u00f6r webb\u00adplats\u00adbes\u00f6karen. Revi\u00adsion\u00adshash f\u00f6r inst\u00e4ll\u00adningar av cook\u00adie-ban\u00adner (tex\u00adter, f\u00e4rg\u00ader, funk\u00adtion\u00ader, tj\u00e4n\u00adste\u00adgrup\u00adper, tj\u00e4n\u00adster, inneh\u00e5lls\u00adblock\u00ader\u00ading etc.) ID:n f\u00f6r tj\u00e4n\u00adster och tj\u00e4n\u00adste\u00adgrup\u00adper som sam\u00adty\u00adck\u00adet g\u00e4ller. Lagras endast tills sam\u00adty\u00adck\u00adet \u00e4r doku\u00admenter\u00adat p\u00e5 webb\u00adplat\u00adsens server.<\/td><\/tr><tr><td>Grundl\u00e4g\u00adgande<\/td><td>real_cookie_banner*-tcf<\/td><td>https:\/\/www.elfsborgsmarschen.se<\/td><td>Real Cook\u00adie Banner<\/td><td>-<\/td><td>Local Stor\u00adage<\/td><td>Sam\u00adty\u00adck\u00aden som sam\u00adlas in under TCF lagras i&nbsp;TC String-for\u00admat, inklu\u00adsive TCF-lever\u00adan\u00adt\u00f6r\u00ader, \u00e4ndam\u00e5l, s\u00e4rskil\u00adda \u00e4ndam\u00e5l, funk\u00adtion\u00ader och s\u00e4rskil\u00adda funk\u00adtion\u00ader. Lagras endast tills sam\u00adty\u00adck\u00adet doku\u00admenteras p\u00e5 webb\u00adplat\u00adsens server.<\/td><\/tr><tr><td>Grundl\u00e4g\u00adgande<\/td><td>real_cookie_banner*-gcm<\/td><td>https:\/\/www.elfsborgsmarschen.se<\/td><td>Real Cook\u00adie Banner<\/td><td>-<\/td><td>Local Stor\u00adage<\/td><td>Sam\u00adty\u00adck\u00aden som sam\u00adlas in under Googles sam\u00adty\u00adck\u00adesl\u00e4ge lagras i&nbsp;sam\u00adty\u00adck\u00adestyper (\u00e4ndam\u00e5l) f\u00f6r alla tj\u00e4n\u00adster som \u00e4r kom\u00adpat\u00adi\u00adbla med Googles sam\u00adty\u00adck\u00adesl\u00e4ge. Lagras endast tills sam\u00adty\u00adck\u00adet har doku\u00admenter\u00adats p\u00e5 webb\u00adplat\u00adsens server.<\/td><\/tr><tr><td>Grundl\u00e4g\u00adgande<\/td><td>real_\u00adcook\u00adie_ban\u00adner-con\u00adsent-queue*<\/td><td>https:\/\/www.elfsborgsmarschen.se<\/td><td>Real Cook\u00adie Banner<\/td><td>-<\/td><td>Local Stor\u00adage<\/td><td>Lokal cachela\u00adgring av val i&nbsp;cook\u00adie-ban\u00adner tills servern doku\u00admenter\u00adar sam\u00adty\u00adcke; doku\u00admen\u00adta\u00adtion peri\u00adodisk eller vid sid\u00adbyten f\u00f6rs\u00f6ks om servern inte \u00e4r till\u00adg\u00e4ng\u00adlig eller \u00f6verbelastad.<\/td><\/tr><\/tbody><\/table><p>Cook\u00adiepol\u00adi\u00adcyn upp\u00addat\u00ader\u00adades senast den 11 Novem\u00adber&nbsp;2025.<\/p>\n","protected":false},"excerpt":{"rendered":"<p>Cook\u00adie policy<\/p>\n","protected":false},"author":1,"featured_media":0,"parent":0,"menu_order":0,"comment_status":"closed","ping_status":"closed","template":"","meta":{"_relevanssi_hide_post":"","_relevanssi_hide_content":"","_relevanssi_pin_for_all":"","_relevanssi_pin_keywords":"","_relevanssi_unpin_keywords":"","_relevanssi_related_keywords":"","_relevanssi_related_include_ids":"","_relevanssi_related_exclude_ids":"","_relevanssi_related_no_append":"","_relevanssi_related_not_related":"","_relevanssi_related_posts":"1","_relevanssi_noindex_reason":"","wp_typography_post_enhancements_disabled":false,"slim_seo":{"title":"Cookie policy - Elfsborgsmarschen","description":"Cookie policy I denna cookiepolicy f\u00f6rklarar vi vad cookies (kakor) och liknande tekniker \u00e4r och hur vi p\u00e5 Elfsborgsmarschen anv\u00e4nder dem. Du f\u00e5r information om"},"_locale":"en_US","_original_post":"https:\/\/www.elfsborgsmarschen.se\/cookiepolicy\/","footnotes":""},"class_list":["post-997","page","type-page","status-publish","hentry","en-US"],"_links":{"self":[{"href":"https:\/\/www.elfsborgsmarschen.se\/wp-json\/wp\/v2\/pages\/997","targetHints":{"allow":["GET"]}}],"collection":[{"href":"https:\/\/www.elfsborgsmarschen.se\/wp-json\/wp\/v2\/pages"}],"about":[{"href":"https:\/\/www.elfsborgsmarschen.se\/wp-json\/wp\/v2\/types\/page"}],"author":[{"embeddable":true,"href":"https:\/\/www.elfsborgsmarschen.se\/wp-json\/wp\/v2\/users\/1"}],"replies":[{"embeddable":true,"href":"https:\/\/www.elfsborgsmarschen.se\/wp-json\/wp\/v2\/comments?post=997"}],"version-history":[{"count":1,"href":"https:\/\/www.elfsborgsmarschen.se\/wp-json\/wp\/v2\/pages\/997\/revisions"}],"predecessor-version":[{"id":998,"href":"https:\/\/www.elfsborgsmarschen.se\/wp-json\/wp\/v2\/pages\/997\/revisions\/998"}],"wp:attachment":[{"href":"https:\/\/www.elfsborgsmarschen.se\/wp-json\/wp\/v2\/media?parent=997"}],"curies":[{"name":"wp","href":"https:\/\/api.w.org\/{rel}","templated":true}]}}